{"id":3341,"date":"2025-07-23T20:06:55","date_gmt":"2025-07-23T20:06:55","guid":{"rendered":"https:\/\/canuma.com.br\/puea\/?page_id=3341"},"modified":"2025-07-24T13:14:08","modified_gmt":"2025-07-24T13:14:08","slug":"sustentabilidade","status":"publish","type":"page","link":"https:\/\/canuma.com.br\/puea\/sustentabilidade\/","title":{"rendered":"Sustentabilidade"},"content":{"rendered":"\t\t<div data-elementor-type=\"wp-page\" data-elementor-id=\"3341\" class=\"elementor elementor-3341\">\n\t\t\t\t\t\t<section class=\"elementor-section elementor-top-section elementor-element elementor-element-1f5bf82 elementor-section-full_width elementor-section-height-min-height elementor-section-items-stretch elementor-section-content-bottom elementor-section-height-default\" data-id=\"1f5bf82\" data-element_type=\"section\" data-settings=\"{&quot;background_background&quot;:&quot;video&quot;,&quot;background_video_link&quot;:&quot;https:\\\/\\\/youtu.be\\\/7ZjDLfD0Sts&quot;,&quot;background_video_start&quot;:4,&quot;background_video_end&quot;:66,&quot;background_play_on_mobile&quot;:&quot;yes&quot;,&quot;background_privacy_mode&quot;:&quot;yes&quot;}\">\n\t\t\t\t\t\t\t\t<div class=\"elementor-background-video-container\">\n\t\t\t\t\t\t\t\t\t\t\t\t\t<div class=\"elementor-background-video-embed\"><\/div>\n\t\t\t\t\t\t\t\t\t\t\t\t<\/div>\n\t\t\t\t\t\t\t\t<div class=\"elementor-container elementor-column-gap-no\">\n\t\t\t\t\t<div class=\"elementor-column elementor-col-100 elementor-top-column elementor-element elementor-element-170a1b7\" data-id=\"170a1b7\" data-element_type=\"column\">\n\t\t\t<div class=\"elementor-widget-wrap elementor-element-populated\">\n\t\t\t\t\t\t<div class=\"elementor-element elementor-element-462467f elementor-widget elementor-widget-ms_text_ticker\" data-id=\"462467f\" data-element_type=\"widget\" data-widget_type=\"ms_text_ticker.default\">\n\t\t\t\t<div class=\"elementor-widget-container\">\n\t\t\t\t\t        <div id=\"462467f\" class=\"ms-tt-wrap\" data-speed=\"300\" data-direction=\"rtl\" data-sh=\"\">\r\n            <ul class=\"ms-tt\">\r\n\r\n                                <li class=\"ms-tt__text\">Sustentabilidade \u2022 &nbsp;<\/li>\r\n                                    <li class=\"ms-tt__text\">Sustentabilidade \u2022 &nbsp;<\/li>\r\n                                    <li class=\"ms-tt__text\">Sustentabilidade \u2022 &nbsp;<\/li>\r\n                                    <li class=\"ms-tt__text\">Sustentabilidade \u2022 &nbsp;<\/li>\r\n                                    <li class=\"ms-tt__text\">Sustentabilidade \u2022 &nbsp;<\/li>\r\n                                    <li class=\"ms-tt__text\">Sustentabilidade \u2022 &nbsp;<\/li>\r\n                                    <li class=\"ms-tt__text\">Sustentabilidade \u2022 &nbsp;<\/li>\r\n                                    <li class=\"ms-tt__text\">Sustentabilidade \u2022 &nbsp;<\/li>\r\n                    \r\n            <\/ul>\r\n        <\/div>\r\n        \t\t\t\t<\/div>\n\t\t\t\t<\/div>\n\t\t\t\t\t<\/div>\n\t\t<\/div>\n\t\t\t\t\t<\/div>\n\t\t<\/section>\n\t\t\t\t<section class=\"elementor-section elementor-top-section elementor-element elementor-element-2a5f47c elementor-section-boxed elementor-section-height-default elementor-section-height-default\" data-id=\"2a5f47c\" data-element_type=\"section\" data-settings=\"{&quot;background_background&quot;:&quot;classic&quot;,&quot;shape_divider_bottom&quot;:&quot;opacity-tilt&quot;}\">\n\t\t\t\t\t\t\t<div class=\"elementor-background-overlay\"><\/div>\n\t\t\t\t\t\t<div class=\"elementor-shape elementor-shape-bottom\" aria-hidden=\"true\" data-negative=\"false\">\n\t\t\t<svg xmlns=\"http:\/\/www.w3.org\/2000\/svg\" viewBox=\"0 0 2600 131.1\" preserveAspectRatio=\"none\">\n\t<path class=\"elementor-shape-fill\" d=\"M0 0L2600 0 2600 69.1 0 0z\"\/>\n\t<path class=\"elementor-shape-fill\" style=\"opacity:0.5\" d=\"M0 0L2600 0 2600 69.1 0 69.1z\"\/>\n\t<path class=\"elementor-shape-fill\" style=\"opacity:0.25\" d=\"M2600 0L0 0 0 130.1 2600 69.1z\"\/>\n<\/svg>\t\t<\/div>\n\t\t\t\t\t<div class=\"elementor-container elementor-column-gap-extended\">\n\t\t\t\t\t<div class=\"elementor-column elementor-col-100 elementor-top-column elementor-element elementor-element-5aad12a\" data-id=\"5aad12a\" data-element_type=\"column\">\n\t\t\t<div class=\"elementor-widget-wrap elementor-element-populated\">\n\t\t\t\t\t\t<div class=\"elementor-element elementor-element-4f16d0b elementor-widget elementor-widget-spacer\" data-id=\"4f16d0b\" data-element_type=\"widget\" data-widget_type=\"spacer.default\">\n\t\t\t\t<div class=\"elementor-widget-container\">\n\t\t\t\t\t\t\t<div class=\"elementor-spacer\">\n\t\t\t<div class=\"elementor-spacer-inner\"><\/div>\n\t\t<\/div>\n\t\t\t\t\t\t<\/div>\n\t\t\t\t<\/div>\n\t\t\t\t<div class=\"elementor-element elementor-element-474850a elementor-widget elementor-widget-heading\" data-id=\"474850a\" data-element_type=\"widget\" data-widget_type=\"heading.default\">\n\t\t\t\t<div class=\"elementor-widget-container\">\n\t\t\t\t\t<h2 class=\"elementor-heading-title elementor-size-default\">Programa de uso eficiente da \u00e1gua canum\u00e3:<\/h2>\t\t\t\t<\/div>\n\t\t\t\t<\/div>\n\t\t\t\t<div class=\"elementor-element elementor-element-6396d80 elementor-widget elementor-widget-heading\" data-id=\"6396d80\" data-element_type=\"widget\" data-widget_type=\"heading.default\">\n\t\t\t\t<div class=\"elementor-widget-container\">\n\t\t\t\t\t<h2 class=\"elementor-heading-title elementor-size-default\">Sustentabilidade<\/h2>\t\t\t\t<\/div>\n\t\t\t\t<\/div>\n\t\t\t\t<div class=\"elementor-element elementor-element-0e2c87f elementor-widget elementor-widget-text-editor\" data-id=\"0e2c87f\" data-element_type=\"widget\" data-widget_type=\"text-editor.default\">\n\t\t\t\t<div class=\"elementor-widget-container\">\n\t\t\t\t\t\t\t\t\t<p>Ao adotar o Programa de Uso Eficiente da \u00c1gua Canum\u00e3, nossos clientes se tornam agentes ativos na preserva\u00e7\u00e3o da \u00e1gua, um recurso essencial para a vida e para o futuro do planeta. Mais do que simplesmente reduzir o desperd\u00edcio, o programa promove uma s\u00e9rie de benef\u00edcios tang\u00edveis que impactam positivamente toda a comunidade e o meio ambiente.<\/p>\t\t\t\t\t\t\t\t<\/div>\n\t\t\t\t<\/div>\n\t\t\t\t<div class=\"elementor-element elementor-element-ed2f595 elementor-widget elementor-widget-spacer\" data-id=\"ed2f595\" data-element_type=\"widget\" data-widget_type=\"spacer.default\">\n\t\t\t\t<div class=\"elementor-widget-container\">\n\t\t\t\t\t\t\t<div class=\"elementor-spacer\">\n\t\t\t<div class=\"elementor-spacer-inner\"><\/div>\n\t\t<\/div>\n\t\t\t\t\t\t<\/div>\n\t\t\t\t<\/div>\n\t\t\t\t<div class=\"elementor-element elementor-element-57dd5e8 elementor-widget elementor-widget-heading\" data-id=\"57dd5e8\" data-element_type=\"widget\" data-widget_type=\"heading.default\">\n\t\t\t\t<div class=\"elementor-widget-container\">\n\t\t\t\t\t<h2 class=\"elementor-heading-title elementor-size-default\">confira os<\/h2>\t\t\t\t<\/div>\n\t\t\t\t<\/div>\n\t\t\t\t<div class=\"elementor-element elementor-element-8d0bead elementor-widget elementor-widget-heading\" data-id=\"8d0bead\" data-element_type=\"widget\" data-widget_type=\"heading.default\">\n\t\t\t\t<div class=\"elementor-widget-container\">\n\t\t\t\t\t<h2 class=\"elementor-heading-title elementor-size-default\">Benef\u00edcios Diretos e Significativos<\/h2>\t\t\t\t<\/div>\n\t\t\t\t<\/div>\n\t\t\t\t<div class=\"elementor-element elementor-element-90c330e elementor-widget elementor-widget-spacer\" data-id=\"90c330e\" data-element_type=\"widget\" data-widget_type=\"spacer.default\">\n\t\t\t\t<div class=\"elementor-widget-container\">\n\t\t\t\t\t\t\t<div class=\"elementor-spacer\">\n\t\t\t<div class=\"elementor-spacer-inner\"><\/div>\n\t\t<\/div>\n\t\t\t\t\t\t<\/div>\n\t\t\t\t<\/div>\n\t\t\t\t<section class=\"elementor-section elementor-inner-section elementor-element elementor-element-10402c5 elementor-section-full_width has-vertical-lines elementor-section-height-default elementor-section-height-default\" data-id=\"10402c5\" data-element_type=\"section\">\n\t\t\t\t\t\t<div class=\"elementor-container elementor-column-gap-no\">\n\t\t\t\t\t<div class=\"elementor-column elementor-col-33 elementor-inner-column elementor-element elementor-element-1e1f233\" data-id=\"1e1f233\" data-element_type=\"column\" data-settings=\"{&quot;background_background&quot;:&quot;classic&quot;}\">\n\t\t\t<div class=\"elementor-widget-wrap elementor-element-populated\">\n\t\t\t\t\t\t<div class=\"elementor-element elementor-element-9eb0c52 elementor-widget elementor-widget-services\" data-id=\"9eb0c52\" data-element_type=\"widget\" data-widget_type=\"services.default\">\n\t\t\t\t<div class=\"elementor-widget-container\">\n\t\t\t\t\t        \r\n        <div class=\"ms-sb img-top\">\r\n\r\n            \r\n                <div class=\"ms-sb--img boxed\">\r\n                                            <img decoding=\"async\" width=\"100\" height=\"100\" src=\"https:\/\/canuma.com.br\/puea\/wp-content\/uploads\/2025\/06\/ico-engajamento.png\" class=\"attachment-full size-full wp-image-3295\" alt=\"\" srcset=\"https:\/\/canuma.com.br\/puea\/wp-content\/uploads\/2025\/06\/ico-engajamento.png 100w, https:\/\/canuma.com.br\/puea\/wp-content\/uploads\/2025\/06\/ico-engajamento-90x90.png 90w\" sizes=\"(max-width: 100px) 100vw, 100px\" \/>                                    <\/div>\r\n\r\n            \r\n            <div class=\"ms-sb--inner\">\r\n                                    <h4 class=\"ms-sb--title\">\r\n                                                    <span>Melhor Distribui\u00e7\u00e3o de \u00c1gua na Comunidade<\/span>\r\n                                            <\/h4>\r\n                                                    <p class=\"ms-sb--text\">Ao minimizar as perdas por vazamentos e uso ineficiente, garantimos que a \u00e1gua dispon\u00edvel seja distribu\u00edda de forma mais equitativa e eficaz para todos os membros da comunidade, combatendo a escassez e promovendo o acesso universal a esse recurso fundamental.<\/br><\/p>\r\n                            <\/div>\r\n\r\n        <\/div>\r\n\r\n        \t\t\t\t<\/div>\n\t\t\t\t<\/div>\n\t\t\t\t\t<\/div>\n\t\t<\/div>\n\t\t\t\t<div class=\"elementor-column elementor-col-33 elementor-inner-column elementor-element elementor-element-2344974\" data-id=\"2344974\" data-element_type=\"column\">\n\t\t\t<div class=\"elementor-widget-wrap elementor-element-populated\">\n\t\t\t\t\t\t<div class=\"elementor-element elementor-element-3ef3c70 elementor-widget elementor-widget-services\" data-id=\"3ef3c70\" data-element_type=\"widget\" data-widget_type=\"services.default\">\n\t\t\t\t<div class=\"elementor-widget-container\">\n\t\t\t\t\t        \r\n        <div class=\"ms-sb img-top\">\r\n\r\n            \r\n                <div class=\"ms-sb--img boxed\">\r\n                                            <img decoding=\"async\" width=\"100\" height=\"100\" src=\"https:\/\/canuma.com.br\/puea\/wp-content\/uploads\/2025\/06\/ico-economia.png\" class=\"attachment-full size-full wp-image-3294\" alt=\"\" srcset=\"https:\/\/canuma.com.br\/puea\/wp-content\/uploads\/2025\/06\/ico-economia.png 100w, https:\/\/canuma.com.br\/puea\/wp-content\/uploads\/2025\/06\/ico-economia-90x90.png 90w\" sizes=\"(max-width: 100px) 100vw, 100px\" \/>                                    <\/div>\r\n\r\n            \r\n            <div class=\"ms-sb--inner\">\r\n                                    <h4 class=\"ms-sb--title\">\r\n                                                    <span>Economia de Energia<\/span>\r\n                                            <\/h4>\r\n                                                    <p class=\"ms-sb--text\">O tratamento e a distribui\u00e7\u00e3o da \u00e1gua consomem grandes quantidades de energia. Ao reduzir o volume de \u00e1gua a ser tratado e bombeado, o programa contribui para a diminui\u00e7\u00e3o do consumo energ\u00e9tico, gerando economia para o sistema e reduzindo a emiss\u00e3o de gases de efeito estufa.<\/p>\r\n                            <\/div>\r\n\r\n        <\/div>\r\n\r\n        \t\t\t\t<\/div>\n\t\t\t\t<\/div>\n\t\t\t\t\t<\/div>\n\t\t<\/div>\n\t\t\t\t<div class=\"elementor-column elementor-col-33 elementor-inner-column elementor-element elementor-element-c2b4f9b\" data-id=\"c2b4f9b\" data-element_type=\"column\">\n\t\t\t<div class=\"elementor-widget-wrap elementor-element-populated\">\n\t\t\t\t\t\t<div class=\"elementor-element elementor-element-0e1d99e elementor-widget elementor-widget-services\" data-id=\"0e1d99e\" data-element_type=\"widget\" data-widget_type=\"services.default\">\n\t\t\t\t<div class=\"elementor-widget-container\">\n\t\t\t\t\t        \r\n        <div class=\"ms-sb img-top\">\r\n\r\n            \r\n                <div class=\"ms-sb--img boxed\">\r\n                                            <img decoding=\"async\" width=\"100\" height=\"100\" src=\"https:\/\/canuma.com.br\/puea\/wp-content\/uploads\/2025\/06\/ico-conscientizacao.png\" class=\"attachment-full size-full wp-image-3292\" alt=\"\" srcset=\"https:\/\/canuma.com.br\/puea\/wp-content\/uploads\/2025\/06\/ico-conscientizacao.png 100w, https:\/\/canuma.com.br\/puea\/wp-content\/uploads\/2025\/06\/ico-conscientizacao-90x90.png 90w\" sizes=\"(max-width: 100px) 100vw, 100px\" \/>                                    <\/div>\r\n\r\n            \r\n            <div class=\"ms-sb--inner\">\r\n                                    <h4 class=\"ms-sb--title\">\r\n                                                    <span>Impacto Positivo para os Profissionais no Ambiente<\/span>\r\n                                            <\/h4>\r\n                                                    <p class=\"ms-sb--text\">Um sistema de gest\u00e3o h\u00eddrica eficiente otimiza o trabalho dos profissionais do setor, permitindo que se dediquem a tarefas mais estrat\u00e9gicas e de maior valor agregado. Al\u00e9m disso, a redu\u00e7\u00e3o de vazamentos e a melhoria da infraestrutura proporcionam um ambiente de trabalho mais seguro e saud\u00e1vel.<\/p>\r\n                            <\/div>\r\n\r\n        <\/div>\r\n\r\n        \t\t\t\t<\/div>\n\t\t\t\t<\/div>\n\t\t\t\t\t<\/div>\n\t\t<\/div>\n\t\t\t\t\t<\/div>\n\t\t<\/section>\n\t\t\t\t<section class=\"elementor-section elementor-inner-section elementor-element elementor-element-b0ae361 elementor-section-full_width elementor-section-height-default elementor-section-height-default\" data-id=\"b0ae361\" data-element_type=\"section\">\n\t\t\t\t\t\t<div class=\"elementor-container elementor-column-gap-default\">\n\t\t\t\t\t<div class=\"elementor-column elementor-col-33 elementor-inner-column elementor-element elementor-element-0152fb6 has-sticky-column\" data-id=\"0152fb6\" data-element_type=\"column\" data-settings=\"{&quot;background_background&quot;:&quot;classic&quot;}\">\n\t\t\t<div class=\"elementor-widget-wrap elementor-element-populated\">\n\t\t\t\t\t\t<div class=\"elementor-element elementor-element-2003832 elementor-widget elementor-widget-services\" data-id=\"2003832\" data-element_type=\"widget\" data-widget_type=\"services.default\">\n\t\t\t\t<div class=\"elementor-widget-container\">\n\t\t\t\t\t        \r\n        <div class=\"ms-sb img-top\">\r\n\r\n            \r\n                <div class=\"ms-sb--img boxed\">\r\n                                            <img loading=\"lazy\" decoding=\"async\" width=\"100\" height=\"100\" src=\"https:\/\/canuma.com.br\/puea\/wp-content\/uploads\/2025\/06\/ico-flexibilidade.png\" class=\"attachment-full size-full wp-image-3296\" alt=\"\" srcset=\"https:\/\/canuma.com.br\/puea\/wp-content\/uploads\/2025\/06\/ico-flexibilidade.png 100w, https:\/\/canuma.com.br\/puea\/wp-content\/uploads\/2025\/06\/ico-flexibilidade-90x90.png 90w\" sizes=\"(max-width: 100px) 100vw, 100px\" \/>                                    <\/div>\r\n\r\n            \r\n            <div class=\"ms-sb--inner\">\r\n                                    <h4 class=\"ms-sb--title\">\r\n                                                    <span>Acesso Mais Justo \u00e0 \u00c1gua<\/span>\r\n                                            <\/h4>\r\n                                                    <p class=\"ms-sb--text\">Ao garantir a disponibilidade e a distribui\u00e7\u00e3o equitativa da \u00e1gua, o programa promove a justi\u00e7a social e o acesso universal a esse direito fundamental. Isso \u00e9 especialmente importante em comunidades vulner\u00e1veis, onde a escassez de \u00e1gua pode ter impactos devastadores na sa\u00fade, na economia e na qualidade de vida.<\/p>\r\n                            <\/div>\r\n\r\n        <\/div>\r\n\r\n        \t\t\t\t<\/div>\n\t\t\t\t<\/div>\n\t\t\t\t\t<\/div>\n\t\t<\/div>\n\t\t\t\t<div class=\"elementor-column elementor-col-33 elementor-inner-column elementor-element elementor-element-4ec6c8d has-sticky-column\" data-id=\"4ec6c8d\" data-element_type=\"column\">\n\t\t\t<div class=\"elementor-widget-wrap elementor-element-populated\">\n\t\t\t\t\t\t<div class=\"elementor-element elementor-element-53d9707 elementor-widget elementor-widget-services\" data-id=\"53d9707\" data-element_type=\"widget\" data-widget_type=\"services.default\">\n\t\t\t\t<div class=\"elementor-widget-container\">\n\t\t\t\t\t        \r\n        <div class=\"ms-sb img-top\">\r\n\r\n            \r\n                <div class=\"ms-sb--img boxed\">\r\n                                            <img loading=\"lazy\" decoding=\"async\" width=\"100\" height=\"100\" src=\"https:\/\/canuma.com.br\/puea\/wp-content\/uploads\/2025\/06\/ico-gestao.png\" class=\"attachment-full size-full wp-image-3297\" alt=\"\" srcset=\"https:\/\/canuma.com.br\/puea\/wp-content\/uploads\/2025\/06\/ico-gestao.png 100w, https:\/\/canuma.com.br\/puea\/wp-content\/uploads\/2025\/06\/ico-gestao-90x90.png 90w\" sizes=\"(max-width: 100px) 100vw, 100px\" \/>                                    <\/div>\r\n\r\n            \r\n            <div class=\"ms-sb--inner\">\r\n                                    <h4 class=\"ms-sb--title\">\r\n                                                    <span>Redu\u00e7\u00e3o de Custos com Tratamento<\/span>\r\n                                            <\/h4>\r\n                                                    <p class=\"ms-sb--text\">Menos desperd\u00edcio de \u00e1gua significa menos \u00e1gua a ser tratada, o que se traduz em uma redu\u00e7\u00e3o significativa nos custos operacionais das esta\u00e7\u00f5es de tratamento. Essa economia pode ser reinvestida em outras \u00e1reas priorit\u00e1rias, como a melhoria da infraestrutura e a amplia\u00e7\u00e3o do acesso \u00e0 \u00e1gua pot\u00e1vel.<\/p>\r\n                            <\/div>\r\n\r\n        <\/div>\r\n\r\n        \t\t\t\t<\/div>\n\t\t\t\t<\/div>\n\t\t\t\t\t<\/div>\n\t\t<\/div>\n\t\t\t\t<div class=\"elementor-column elementor-col-33 elementor-inner-column elementor-element elementor-element-a5b2bb7 has-sticky-column\" data-id=\"a5b2bb7\" data-element_type=\"column\">\n\t\t\t<div class=\"elementor-widget-wrap elementor-element-populated\">\n\t\t\t\t\t\t<div class=\"elementor-element elementor-element-6c02e33 elementor-widget elementor-widget-services\" data-id=\"6c02e33\" data-element_type=\"widget\" data-widget_type=\"services.default\">\n\t\t\t\t<div class=\"elementor-widget-container\">\n\t\t\t\t\t        \r\n        <div class=\"ms-sb img-top\">\r\n\r\n            \r\n                <div class=\"ms-sb--img boxed\">\r\n                                            <img loading=\"lazy\" decoding=\"async\" width=\"100\" height=\"100\" src=\"https:\/\/canuma.com.br\/puea\/wp-content\/uploads\/2025\/06\/ico-impacto.png\" class=\"attachment-full size-full wp-image-3298\" alt=\"\" srcset=\"https:\/\/canuma.com.br\/puea\/wp-content\/uploads\/2025\/06\/ico-impacto.png 100w, https:\/\/canuma.com.br\/puea\/wp-content\/uploads\/2025\/06\/ico-impacto-90x90.png 90w\" sizes=\"(max-width: 100px) 100vw, 100px\" \/>                                    <\/div>\r\n\r\n            \r\n            <div class=\"ms-sb--inner\">\r\n                                    <h4 class=\"ms-sb--title\">\r\n                                                    <span>Alinhamento com Pautas ESG e de Sustentabilidade<\/span>\r\n                                            <\/h4>\r\n                                                    <p class=\"ms-sb--text\">Ao aderir ao Programa de Uso Eficiente da \u00c1gua Canum\u00e3, as empresas e organiza\u00e7\u00f5es demonstram seu compromisso com as pr\u00e1ticas ESG (Environmental, Social and Governance) e com os Objetivos de Desenvolvimento Sustent\u00e1vel (ODS) da ONU. Essa atitude respons\u00e1vel fortalece a imagem da marca, atrai investidores e consumidores conscientes e contribui para a constru\u00e7\u00e3o de um futuro mais sustent\u00e1vel.<\/p>\r\n                            <\/div>\r\n\r\n        <\/div>\r\n\r\n        \t\t\t\t<\/div>\n\t\t\t\t<\/div>\n\t\t\t\t\t<\/div>\n\t\t<\/div>\n\t\t\t\t\t<\/div>\n\t\t<\/section>\n\t\t\t\t<div class=\"elementor-element elementor-element-00e9441 elementor-widget elementor-widget-spacer\" data-id=\"00e9441\" data-element_type=\"widget\" data-widget_type=\"spacer.default\">\n\t\t\t\t<div class=\"elementor-widget-container\">\n\t\t\t\t\t\t\t<div class=\"elementor-spacer\">\n\t\t\t<div class=\"elementor-spacer-inner\"><\/div>\n\t\t<\/div>\n\t\t\t\t\t\t<\/div>\n\t\t\t\t<\/div>\n\t\t\t\t<div class=\"elementor-element elementor-element-b336b87 elementor-widget elementor-widget-spacer\" data-id=\"b336b87\" data-element_type=\"widget\" data-widget_type=\"spacer.default\">\n\t\t\t\t<div class=\"elementor-widget-container\">\n\t\t\t\t\t\t\t<div class=\"elementor-spacer\">\n\t\t\t<div class=\"elementor-spacer-inner\"><\/div>\n\t\t<\/div>\n\t\t\t\t\t\t<\/div>\n\t\t\t\t<\/div>\n\t\t\t\t\t<\/div>\n\t\t<\/div>\n\t\t\t\t\t<\/div>\n\t\t<\/section>\n\t\t\t\t<\/div>\n\t\t","protected":false},"excerpt":{"rendered":"<p>Sustentabilidade \u2022 &nbsp; Sustentabilidade \u2022 &nbsp; Sustentabilidade \u2022 &nbsp; Sustentabilidade \u2022 &nbsp; Sustentabilidade \u2022 &nbsp; Sustentabilidade \u2022 &nbsp; Sustentabilidade \u2022 &nbsp; Sustentabilidade \u2022 &nbsp; [&hellip;]<\/p>\n","protected":false},"author":1,"featured_media":0,"parent":0,"menu_order":0,"comment_status":"closed","ping_status":"closed","template":"page-custom.php","meta":{"_acf_changed":false,"footnotes":""},"class_list":["post-3341","page","type-page","status-publish","hentry"],"acf":{"full_width":false,"header_transparent":true,"header_white":true},"_links":{"self":[{"href":"https:\/\/canuma.com.br\/puea\/wp-json\/wp\/v2\/pages\/3341","targetHints":{"allow":["GET"]}}],"collection":[{"href":"https:\/\/canuma.com.br\/puea\/wp-json\/wp\/v2\/pages"}],"about":[{"href":"https:\/\/canuma.com.br\/puea\/wp-json\/wp\/v2\/types\/page"}],"author":[{"embeddable":true,"href":"https:\/\/canuma.com.br\/puea\/wp-json\/wp\/v2\/users\/1"}],"replies":[{"embeddable":true,"href":"https:\/\/canuma.com.br\/puea\/wp-json\/wp\/v2\/comments?post=3341"}],"version-history":[{"count":7,"href":"https:\/\/canuma.com.br\/puea\/wp-json\/wp\/v2\/pages\/3341\/revisions"}],"predecessor-version":[{"id":3369,"href":"https:\/\/canuma.com.br\/puea\/wp-json\/wp\/v2\/pages\/3341\/revisions\/3369"}],"wp:attachment":[{"href":"https:\/\/canuma.com.br\/puea\/wp-json\/wp\/v2\/media?parent=3341"}],"curies":[{"name":"wp","href":"https:\/\/api.w.org\/{rel}","templated":true}]}}