{"id":3346,"date":"2025-07-24T12:46:58","date_gmt":"2025-07-24T12:46:58","guid":{"rendered":"https:\/\/canuma.com.br\/puea\/?page_id=3346"},"modified":"2025-07-24T13:03:39","modified_gmt":"2025-07-24T13:03:39","slug":"economia","status":"publish","type":"page","link":"https:\/\/canuma.com.br\/puea\/economia\/","title":{"rendered":"Economia"},"content":{"rendered":"\t\t<div data-elementor-type=\"wp-page\" data-elementor-id=\"3346\" class=\"elementor elementor-3346\">\n\t\t\t\t\t\t<section class=\"elementor-section elementor-top-section elementor-element elementor-element-1f5bf82 elementor-section-full_width elementor-section-height-min-height elementor-section-items-stretch elementor-section-content-bottom elementor-section-height-default\" data-id=\"1f5bf82\" data-element_type=\"section\" data-settings=\"{&quot;background_background&quot;:&quot;video&quot;,&quot;background_video_link&quot;:&quot;https:\\\/\\\/youtu.be\\\/omWnM4TovAc&quot;,&quot;background_video_start&quot;:4,&quot;background_video_end&quot;:66,&quot;background_play_on_mobile&quot;:&quot;yes&quot;,&quot;background_privacy_mode&quot;:&quot;yes&quot;}\">\n\t\t\t\t\t\t\t\t<div class=\"elementor-background-video-container\">\n\t\t\t\t\t\t\t\t\t\t\t\t\t<div class=\"elementor-background-video-embed\"><\/div>\n\t\t\t\t\t\t\t\t\t\t\t\t<\/div>\n\t\t\t\t\t\t\t\t<div class=\"elementor-container elementor-column-gap-no\">\n\t\t\t\t\t<div class=\"elementor-column elementor-col-100 elementor-top-column elementor-element elementor-element-170a1b7\" data-id=\"170a1b7\" data-element_type=\"column\">\n\t\t\t<div class=\"elementor-widget-wrap elementor-element-populated\">\n\t\t\t\t\t\t<div class=\"elementor-element elementor-element-462467f elementor-widget elementor-widget-ms_text_ticker\" data-id=\"462467f\" data-element_type=\"widget\" data-widget_type=\"ms_text_ticker.default\">\n\t\t\t\t<div class=\"elementor-widget-container\">\n\t\t\t\t\t        <div id=\"462467f\" class=\"ms-tt-wrap\" data-speed=\"300\" data-direction=\"rtl\" data-sh=\"\">\r\n            <ul class=\"ms-tt\">\r\n\r\n                                <li class=\"ms-tt__text\">Economia \u2022 &nbsp;<\/li>\r\n                                    <li class=\"ms-tt__text\">Economia \u2022 &nbsp;<\/li>\r\n                                    <li class=\"ms-tt__text\">Economia \u2022 &nbsp;<\/li>\r\n                                    <li class=\"ms-tt__text\">Economia \u2022 &nbsp;<\/li>\r\n                                    <li class=\"ms-tt__text\">Economia \u2022 &nbsp;<\/li>\r\n                                    <li class=\"ms-tt__text\">Economia \u2022 &nbsp;<\/li>\r\n                                    <li class=\"ms-tt__text\">Economia \u2022 &nbsp;<\/li>\r\n                                    <li class=\"ms-tt__text\">Economia \u2022 &nbsp;<\/li>\r\n                    \r\n            <\/ul>\r\n        <\/div>\r\n        \t\t\t\t<\/div>\n\t\t\t\t<\/div>\n\t\t\t\t\t<\/div>\n\t\t<\/div>\n\t\t\t\t\t<\/div>\n\t\t<\/section>\n\t\t\t\t<section class=\"elementor-section elementor-top-section elementor-element elementor-element-2a5f47c elementor-section-boxed elementor-section-height-default elementor-section-height-default\" data-id=\"2a5f47c\" data-element_type=\"section\" data-settings=\"{&quot;background_background&quot;:&quot;classic&quot;,&quot;shape_divider_bottom&quot;:&quot;opacity-tilt&quot;}\">\n\t\t\t\t\t\t\t<div class=\"elementor-background-overlay\"><\/div>\n\t\t\t\t\t\t<div class=\"elementor-shape elementor-shape-bottom\" aria-hidden=\"true\" data-negative=\"false\">\n\t\t\t<svg xmlns=\"http:\/\/www.w3.org\/2000\/svg\" viewBox=\"0 0 2600 131.1\" preserveAspectRatio=\"none\">\n\t<path class=\"elementor-shape-fill\" d=\"M0 0L2600 0 2600 69.1 0 0z\"\/>\n\t<path class=\"elementor-shape-fill\" style=\"opacity:0.5\" d=\"M0 0L2600 0 2600 69.1 0 69.1z\"\/>\n\t<path class=\"elementor-shape-fill\" style=\"opacity:0.25\" d=\"M2600 0L0 0 0 130.1 2600 69.1z\"\/>\n<\/svg>\t\t<\/div>\n\t\t\t\t\t<div class=\"elementor-container elementor-column-gap-extended\">\n\t\t\t\t\t<div class=\"elementor-column elementor-col-100 elementor-top-column elementor-element elementor-element-5aad12a\" data-id=\"5aad12a\" data-element_type=\"column\">\n\t\t\t<div class=\"elementor-widget-wrap elementor-element-populated\">\n\t\t\t\t\t\t<div class=\"elementor-element elementor-element-4f16d0b elementor-widget elementor-widget-spacer\" data-id=\"4f16d0b\" data-element_type=\"widget\" data-widget_type=\"spacer.default\">\n\t\t\t\t<div class=\"elementor-widget-container\">\n\t\t\t\t\t\t\t<div class=\"elementor-spacer\">\n\t\t\t<div class=\"elementor-spacer-inner\"><\/div>\n\t\t<\/div>\n\t\t\t\t\t\t<\/div>\n\t\t\t\t<\/div>\n\t\t\t\t<div class=\"elementor-element elementor-element-474850a elementor-widget elementor-widget-heading\" data-id=\"474850a\" data-element_type=\"widget\" data-widget_type=\"heading.default\">\n\t\t\t\t<div class=\"elementor-widget-container\">\n\t\t\t\t\t<h2 class=\"elementor-heading-title elementor-size-default\">Programa de uso eficiente da \u00e1gua canum\u00e3:<\/h2>\t\t\t\t<\/div>\n\t\t\t\t<\/div>\n\t\t\t\t<div class=\"elementor-element elementor-element-6396d80 elementor-widget elementor-widget-heading\" data-id=\"6396d80\" data-element_type=\"widget\" data-widget_type=\"heading.default\">\n\t\t\t\t<div class=\"elementor-widget-container\">\n\t\t\t\t\t<h2 class=\"elementor-heading-title elementor-size-default\">Economia<\/h2>\t\t\t\t<\/div>\n\t\t\t\t<\/div>\n\t\t\t\t<div class=\"elementor-element elementor-element-6eea48a elementor-widget elementor-widget-heading\" data-id=\"6eea48a\" data-element_type=\"widget\" data-widget_type=\"heading.default\">\n\t\t\t\t<div class=\"elementor-widget-container\">\n\t\t\t\t\t<h2 class=\"elementor-heading-title elementor-size-default\"><p style=\"text-align:justify\"><span style=\",sans-serif\">Desperd\u00edcio de \u00c1gua: Um Impacto Silencioso em Suas Finan\u00e7as<\/span><span style=\"font-size: 16px;font-weight: 800\"><\/span><\/p><\/h2>\t\t\t\t<\/div>\n\t\t\t\t<\/div>\n\t\t\t\t<div class=\"elementor-element elementor-element-0e2c87f elementor-widget elementor-widget-text-editor\" data-id=\"0e2c87f\" data-element_type=\"widget\" data-widget_type=\"text-editor.default\">\n\t\t\t\t<div class=\"elementor-widget-container\">\n\t\t\t\t\t\t\t\t\t<p>O Brasil enfrenta um problema alarmante: o desperd\u00edcio de \u00e1gua atinge cerca de 40%. J\u00e1 parou para calcular o impacto financeiro real dessa perda significativa? O desperd\u00edcio n\u00e3o s\u00f3 prejudica o meio ambiente, mas tamb\u00e9m drena recursos valiosos do seu fluxo de caixa, afetando a rentabilidade e a sustentabilidade dos seus neg\u00f3cios.<\/p>\t\t\t\t\t\t\t\t<\/div>\n\t\t\t\t<\/div>\n\t\t\t\t<div class=\"elementor-element elementor-element-ed2f595 elementor-widget elementor-widget-spacer\" data-id=\"ed2f595\" data-element_type=\"widget\" data-widget_type=\"spacer.default\">\n\t\t\t\t<div class=\"elementor-widget-container\">\n\t\t\t\t\t\t\t<div class=\"elementor-spacer\">\n\t\t\t<div class=\"elementor-spacer-inner\"><\/div>\n\t\t<\/div>\n\t\t\t\t\t\t<\/div>\n\t\t\t\t<\/div>\n\t\t\t\t<div class=\"elementor-element elementor-element-8d0bead elementor-widget elementor-widget-heading\" data-id=\"8d0bead\" data-element_type=\"widget\" data-widget_type=\"heading.default\">\n\t\t\t\t<div class=\"elementor-widget-container\">\n\t\t\t\t\t<h2 class=\"elementor-heading-title elementor-size-default\">A Escolha \u00e9 Sua:<\/h2>\t\t\t\t<\/div>\n\t\t\t\t<\/div>\n\t\t\t\t<div class=\"elementor-element elementor-element-90c330e elementor-widget elementor-widget-spacer\" data-id=\"90c330e\" data-element_type=\"widget\" data-widget_type=\"spacer.default\">\n\t\t\t\t<div class=\"elementor-widget-container\">\n\t\t\t\t\t\t\t<div class=\"elementor-spacer\">\n\t\t\t<div class=\"elementor-spacer-inner\"><\/div>\n\t\t<\/div>\n\t\t\t\t\t\t<\/div>\n\t\t\t\t<\/div>\n\t\t\t\t<section class=\"elementor-section elementor-inner-section elementor-element elementor-element-10402c5 elementor-section-full_width elementor-section-height-default elementor-section-height-default\" data-id=\"10402c5\" data-element_type=\"section\">\n\t\t\t\t\t\t<div class=\"elementor-container elementor-column-gap-no\">\n\t\t\t\t\t<div class=\"elementor-column elementor-col-50 elementor-inner-column elementor-element elementor-element-1e1f233\" data-id=\"1e1f233\" data-element_type=\"column\" data-settings=\"{&quot;background_background&quot;:&quot;classic&quot;}\">\n\t\t\t<div class=\"elementor-widget-wrap elementor-element-populated\">\n\t\t\t\t\t\t<div class=\"elementor-element elementor-element-c43aa3d elementor-widget elementor-widget-services\" data-id=\"c43aa3d\" data-element_type=\"widget\" data-widget_type=\"services.default\">\n\t\t\t\t<div class=\"elementor-widget-container\">\n\t\t\t\t\t        \r\n        <div class=\"ms-sb img-top\">\r\n\r\n            \r\n                <div class=\"ms-sb--img boxed\">\r\n                                            <img decoding=\"async\" width=\"100\" height=\"100\" src=\"https:\/\/canuma.com.br\/puea\/wp-content\/uploads\/2025\/06\/ico-impacto.png\" class=\"attachment-full size-full wp-image-3298\" alt=\"\" srcset=\"https:\/\/canuma.com.br\/puea\/wp-content\/uploads\/2025\/06\/ico-impacto.png 100w, https:\/\/canuma.com.br\/puea\/wp-content\/uploads\/2025\/06\/ico-impacto-90x90.png 90w\" sizes=\"(max-width: 100px) 100vw, 100px\" \/>                                    <\/div>\r\n\r\n            \r\n            <div class=\"ms-sb--inner\">\r\n                                    <h4 class=\"ms-sb--title\">\r\n                                                    <span>Op\u00e7\u00e3o 1: A Solu\u00e7\u00e3o Inteligente e Sustent\u00e1vel<\/span>\r\n                                            <\/h4>\r\n                                                    <p class=\"ms-sb--text\">Entre em uma nova fase, onde a \u00e1gua \u00e9 verdadeiramente valorizada e se torna um motor de economia financeira. Com o Programa de Uso Eficiente da \u00c1gua Canum\u00e3, voc\u00ea tem acesso a um sistema inteligente e eficaz, projetado para monitorar, detectar e corrigir perdas de forma r\u00e1pida e precisa.\n<\/p>\r\n                            <\/div>\r\n\r\n        <\/div>\r\n\r\n        \t\t\t\t<\/div>\n\t\t\t\t<\/div>\n\t\t\t\t\t<\/div>\n\t\t<\/div>\n\t\t\t\t<div class=\"elementor-column elementor-col-50 elementor-inner-column elementor-element elementor-element-47cc5f7\" data-id=\"47cc5f7\" data-element_type=\"column\" data-settings=\"{&quot;background_background&quot;:&quot;classic&quot;}\">\n\t\t\t<div class=\"elementor-widget-wrap elementor-element-populated\">\n\t\t\t\t\t\t<div class=\"elementor-element elementor-element-9eb0c52 elementor-widget elementor-widget-services\" data-id=\"9eb0c52\" data-element_type=\"widget\" data-widget_type=\"services.default\">\n\t\t\t\t<div class=\"elementor-widget-container\">\n\t\t\t\t\t        \r\n        <div class=\"ms-sb img-top\">\r\n\r\n            \r\n                <div class=\"ms-sb--img boxed\">\r\n                                            <img decoding=\"async\" width=\"100\" height=\"100\" src=\"https:\/\/canuma.com.br\/puea\/wp-content\/uploads\/2025\/06\/ico-deteccao.png\" class=\"attachment-full size-full wp-image-3293\" alt=\"\" srcset=\"https:\/\/canuma.com.br\/puea\/wp-content\/uploads\/2025\/06\/ico-deteccao.png 100w, https:\/\/canuma.com.br\/puea\/wp-content\/uploads\/2025\/06\/ico-deteccao-90x90.png 90w\" sizes=\"(max-width: 100px) 100vw, 100px\" \/>                                    <\/div>\r\n\r\n            \r\n            <div class=\"ms-sb--inner\">\r\n                                    <h4 class=\"ms-sb--title\">\r\n                                                    <span>Op\u00e7\u00e3o 2: O Caminho Tradicional<\/span>\r\n                                            <\/h4>\r\n                                                    <p class=\"ms-sb--text\">Continue dependendo de planilhas e relat\u00f3rios manuais, que nem sempre refletem a realidade do seu consumo de \u00e1gua. Essa abordagem pode resultar em informa\u00e7\u00f5es incompletas, atrasos na detec\u00e7\u00e3o de problemas e, consequentemente, perdas financeiras significativas.\n<\/p>\r\n                            <\/div>\r\n\r\n        <\/div>\r\n\r\n        \t\t\t\t<\/div>\n\t\t\t\t<\/div>\n\t\t\t\t\t<\/div>\n\t\t<\/div>\n\t\t\t\t\t<\/div>\n\t\t<\/section>\n\t\t\t\t<div class=\"elementor-element elementor-element-9e2e8ce elementor-widget elementor-widget-heading\" data-id=\"9e2e8ce\" data-element_type=\"widget\" data-widget_type=\"heading.default\">\n\t\t\t\t<div class=\"elementor-widget-container\">\n\t\t\t\t\t<h2 class=\"elementor-heading-title elementor-size-default\">Por que Escolher a Canum\u00e3:<\/h2>\t\t\t\t<\/div>\n\t\t\t\t<\/div>\n\t\t\t\t<div class=\"elementor-element elementor-element-00e9441 elementor-widget elementor-widget-spacer\" data-id=\"00e9441\" data-element_type=\"widget\" data-widget_type=\"spacer.default\">\n\t\t\t\t<div class=\"elementor-widget-container\">\n\t\t\t\t\t\t\t<div class=\"elementor-spacer\">\n\t\t\t<div class=\"elementor-spacer-inner\"><\/div>\n\t\t<\/div>\n\t\t\t\t\t\t<\/div>\n\t\t\t\t<\/div>\n\t\t\t\t<section class=\"elementor-section elementor-inner-section elementor-element elementor-element-fdbe921 elementor-section-full_width elementor-section-height-default elementor-section-height-default\" data-id=\"fdbe921\" data-element_type=\"section\">\n\t\t\t\t\t\t<div class=\"elementor-container elementor-column-gap-no\">\n\t\t\t\t\t<div class=\"elementor-column elementor-col-100 elementor-inner-column elementor-element elementor-element-2b0c32e\" data-id=\"2b0c32e\" data-element_type=\"column\" data-settings=\"{&quot;background_background&quot;:&quot;classic&quot;}\">\n\t\t\t<div class=\"elementor-widget-wrap elementor-element-populated\">\n\t\t\t\t\t\t<div class=\"elementor-element elementor-element-e004786 elementor-widget elementor-widget-services\" data-id=\"e004786\" data-element_type=\"widget\" data-widget_type=\"services.default\">\n\t\t\t\t<div class=\"elementor-widget-container\">\n\t\t\t\t\t        \r\n        <div class=\"ms-sb img-top\">\r\n\r\n            \r\n                <div class=\"ms-sb--img boxed\">\r\n                                            <img decoding=\"async\" width=\"100\" height=\"100\" src=\"https:\/\/canuma.com.br\/puea\/wp-content\/uploads\/2025\/06\/ico-economia.png\" class=\"attachment-full size-full wp-image-3294\" alt=\"\" srcset=\"https:\/\/canuma.com.br\/puea\/wp-content\/uploads\/2025\/06\/ico-economia.png 100w, https:\/\/canuma.com.br\/puea\/wp-content\/uploads\/2025\/06\/ico-economia-90x90.png 90w\" sizes=\"(max-width: 100px) 100vw, 100px\" \/>                                    <\/div>\r\n\r\n            \r\n            <div class=\"ms-sb--inner\">\r\n                                    <h4 class=\"ms-sb--title\">\r\n                                                    <span>Economia Comprovada: <\/span>\r\n                                            <\/h4>\r\n                                                    <p class=\"ms-sb--text\">Reduza seus custos operacionais com \u00e1gua, identificando e corrigindo vazamentos, otimizando o consumo e evitando desperd\u00edcios desnecess\u00e1rios.<\/p>\r\n                            <\/div>\r\n\r\n        <\/div>\r\n\r\n        \t\t\t\t<\/div>\n\t\t\t\t<\/div>\n\t\t\t\t\t<\/div>\n\t\t<\/div>\n\t\t\t\t\t<\/div>\n\t\t<\/section>\n\t\t\t\t<section class=\"elementor-section elementor-inner-section elementor-element elementor-element-ce7ca74 elementor-section-full_width elementor-section-height-default elementor-section-height-default\" data-id=\"ce7ca74\" data-element_type=\"section\">\n\t\t\t\t\t\t<div class=\"elementor-container elementor-column-gap-no\">\n\t\t\t\t\t<div class=\"elementor-column elementor-col-100 elementor-inner-column elementor-element elementor-element-af55c41\" data-id=\"af55c41\" data-element_type=\"column\">\n\t\t\t<div class=\"elementor-widget-wrap elementor-element-populated\">\n\t\t\t\t\t\t<div class=\"elementor-element elementor-element-947f6f3 elementor-widget elementor-widget-services\" data-id=\"947f6f3\" data-element_type=\"widget\" data-widget_type=\"services.default\">\n\t\t\t\t<div class=\"elementor-widget-container\">\n\t\t\t\t\t        \r\n        <div class=\"ms-sb img-top\">\r\n\r\n            \r\n                <div class=\"ms-sb--img boxed\">\r\n                                            <img loading=\"lazy\" decoding=\"async\" width=\"100\" height=\"100\" src=\"https:\/\/canuma.com.br\/puea\/wp-content\/uploads\/2025\/06\/ico-monitoramento.png\" class=\"attachment-full size-full wp-image-3299\" alt=\"\" srcset=\"https:\/\/canuma.com.br\/puea\/wp-content\/uploads\/2025\/06\/ico-monitoramento.png 100w, https:\/\/canuma.com.br\/puea\/wp-content\/uploads\/2025\/06\/ico-monitoramento-90x90.png 90w\" sizes=\"(max-width: 100px) 100vw, 100px\" \/>                                    <\/div>\r\n\r\n            \r\n            <div class=\"ms-sb--inner\">\r\n                                    <h4 class=\"ms-sb--title\">\r\n                                                    <span>Monitoramento em Tempo Real: <\/span>\r\n                                            <\/h4>\r\n                                                    <p class=\"ms-sb--text\">Tenha o controle total do seu consumo, com dados precisos e atualizados em tempo real, permitindo que voc\u00ea tome decis\u00f5es r\u00e1pidas e informadas.<\/p>\r\n                            <\/div>\r\n\r\n        <\/div>\r\n\r\n        \t\t\t\t<\/div>\n\t\t\t\t<\/div>\n\t\t\t\t\t<\/div>\n\t\t<\/div>\n\t\t\t\t\t<\/div>\n\t\t<\/section>\n\t\t\t\t<section class=\"elementor-section elementor-inner-section elementor-element elementor-element-cae523d elementor-section-full_width elementor-section-height-default elementor-section-height-default\" data-id=\"cae523d\" data-element_type=\"section\">\n\t\t\t\t\t\t<div class=\"elementor-container elementor-column-gap-no\">\n\t\t\t\t\t<div class=\"elementor-column elementor-col-100 elementor-inner-column elementor-element elementor-element-8513815\" data-id=\"8513815\" data-element_type=\"column\" data-settings=\"{&quot;background_background&quot;:&quot;classic&quot;}\">\n\t\t\t<div class=\"elementor-widget-wrap elementor-element-populated\">\n\t\t\t\t\t\t<div class=\"elementor-element elementor-element-fde5056 elementor-widget elementor-widget-services\" data-id=\"fde5056\" data-element_type=\"widget\" data-widget_type=\"services.default\">\n\t\t\t\t<div class=\"elementor-widget-container\">\n\t\t\t\t\t        \r\n        <div class=\"ms-sb img-top\">\r\n\r\n            \r\n                <div class=\"ms-sb--img boxed\">\r\n                                            <img decoding=\"async\" width=\"100\" height=\"100\" src=\"https:\/\/canuma.com.br\/puea\/wp-content\/uploads\/2025\/06\/ico-impacto.png\" class=\"attachment-full size-full wp-image-3298\" alt=\"\" srcset=\"https:\/\/canuma.com.br\/puea\/wp-content\/uploads\/2025\/06\/ico-impacto.png 100w, https:\/\/canuma.com.br\/puea\/wp-content\/uploads\/2025\/06\/ico-impacto-90x90.png 90w\" sizes=\"(max-width: 100px) 100vw, 100px\" \/>                                    <\/div>\r\n\r\n            \r\n            <div class=\"ms-sb--inner\">\r\n                                    <h4 class=\"ms-sb--title\">\r\n                                                    <span>Sustentabilidade e Responsabilidade:<\/span>\r\n                                            <\/h4>\r\n                                                    <p class=\"ms-sb--text\">Demonstre seu compromisso com o meio ambiente e a sustentabilidade, adotando pr\u00e1ticas respons\u00e1veis e contribuindo para a preserva\u00e7\u00e3o da \u00e1gua, um recurso essencial para o futuro.<\/p>\r\n                            <\/div>\r\n\r\n        <\/div>\r\n\r\n        \t\t\t\t<\/div>\n\t\t\t\t<\/div>\n\t\t\t\t\t<\/div>\n\t\t<\/div>\n\t\t\t\t\t<\/div>\n\t\t<\/section>\n\t\t\t\t<div class=\"elementor-element elementor-element-b336b87 elementor-widget elementor-widget-spacer\" data-id=\"b336b87\" data-element_type=\"widget\" data-widget_type=\"spacer.default\">\n\t\t\t\t<div class=\"elementor-widget-container\">\n\t\t\t\t\t\t\t<div class=\"elementor-spacer\">\n\t\t\t<div class=\"elementor-spacer-inner\"><\/div>\n\t\t<\/div>\n\t\t\t\t\t\t<\/div>\n\t\t\t\t<\/div>\n\t\t\t\t<div class=\"elementor-element elementor-element-0e63f0f elementor-widget elementor-widget-heading\" data-id=\"0e63f0f\" data-element_type=\"widget\" data-widget_type=\"heading.default\">\n\t\t\t\t<div class=\"elementor-widget-container\">\n\t\t\t\t\t<h2 class=\"elementor-heading-title elementor-size-default\">N\u00e3o Perca Mais Tempo:<\/h2>\t\t\t\t<\/div>\n\t\t\t\t<\/div>\n\t\t\t\t<div class=\"elementor-element elementor-element-c2b79ca elementor-widget elementor-widget-text-editor\" data-id=\"c2b79ca\" data-element_type=\"widget\" data-widget_type=\"text-editor.default\">\n\t\t\t\t<div class=\"elementor-widget-container\">\n\t\t\t\t\t\t\t\t\t<p>A hora de agir \u00e9 agora! Pare de desperdi\u00e7ar recursos e comece a valorizar a \u00e1gua como um ativo estrat\u00e9gico para o seu neg\u00f3cio. Junte-se \u00e0 Canum\u00e3 e descubra como a tecnologia pode transformar o seu consumo de \u00e1gua em economia, sustentabilidade e sucesso.<\/p>\t\t\t\t\t\t\t\t<\/div>\n\t\t\t\t<\/div>\n\t\t\t\t\t<\/div>\n\t\t<\/div>\n\t\t\t\t\t<\/div>\n\t\t<\/section>\n\t\t\t\t<\/div>\n\t\t","protected":false},"excerpt":{"rendered":"<p>Economia \u2022 &nbsp; Economia \u2022 &nbsp; Economia \u2022 &nbsp; Economia \u2022 &nbsp; Economia \u2022 &nbsp; Economia \u2022 &nbsp; Economia \u2022 &nbsp; Economia \u2022 &nbsp; [&hellip;]<\/p>\n","protected":false},"author":1,"featured_media":0,"parent":0,"menu_order":0,"comment_status":"closed","ping_status":"closed","template":"page-custom.php","meta":{"_acf_changed":false,"footnotes":""},"class_list":["post-3346","page","type-page","status-publish","hentry"],"acf":{"full_width":false,"header_transparent":true,"header_white":true},"_links":{"self":[{"href":"https:\/\/canuma.com.br\/puea\/wp-json\/wp\/v2\/pages\/3346","targetHints":{"allow":["GET"]}}],"collection":[{"href":"https:\/\/canuma.com.br\/puea\/wp-json\/wp\/v2\/pages"}],"about":[{"href":"https:\/\/canuma.com.br\/puea\/wp-json\/wp\/v2\/types\/page"}],"author":[{"embeddable":true,"href":"https:\/\/canuma.com.br\/puea\/wp-json\/wp\/v2\/users\/1"}],"replies":[{"embeddable":true,"href":"https:\/\/canuma.com.br\/puea\/wp-json\/wp\/v2\/comments?post=3346"}],"version-history":[{"count":7,"href":"https:\/\/canuma.com.br\/puea\/wp-json\/wp\/v2\/pages\/3346\/revisions"}],"predecessor-version":[{"id":3353,"href":"https:\/\/canuma.com.br\/puea\/wp-json\/wp\/v2\/pages\/3346\/revisions\/3353"}],"wp:attachment":[{"href":"https:\/\/canuma.com.br\/puea\/wp-json\/wp\/v2\/media?parent=3346"}],"curies":[{"name":"wp","href":"https:\/\/api.w.org\/{rel}","templated":true}]}}