{"id":782,"date":"2022-10-07T13:37:18","date_gmt":"2022-10-07T13:37:18","guid":{"rendered":"https:\/\/theme.madsparrow.me\/most\/?page_id=782"},"modified":"2025-09-17T21:30:46","modified_gmt":"2025-09-17T21:30:46","slug":"full-page-slider","status":"publish","type":"page","link":"https:\/\/canuma.com.br\/puea\/","title":{"rendered":"Full Page Slider"},"content":{"rendered":"\t\t<div data-elementor-type=\"wp-page\" data-elementor-id=\"782\" class=\"elementor elementor-782\">\n\t\t\t\t\t\t<section class=\"elementor-section elementor-top-section elementor-element elementor-element-413590e elementor-section-full_width elementor-section-height-full elementor-section-height-default elementor-section-items-middle\" data-id=\"413590e\" data-element_type=\"section\">\n\t\t\t\t\t\t<div class=\"elementor-container elementor-column-gap-no\">\n\t\t\t\t\t<div class=\"elementor-column elementor-col-100 elementor-top-column elementor-element elementor-element-1cc38ab\" data-id=\"1cc38ab\" data-element_type=\"column\">\n\t\t\t<div class=\"elementor-widget-wrap elementor-element-populated\">\n\t\t\t\t\t\t<div class=\"elementor-element elementor-element-dc20e9d elementor-widget elementor-widget-ms_slider_fs\" data-id=\"dc20e9d\" data-element_type=\"widget\" data-widget_type=\"ms_slider_fs.default\">\n\t\t\t\t<div class=\"elementor-widget-container\">\n\t\t\t\t\t\r\n        <div class=\"ms-swiper-content\">\r\n            <div class=\"ms-slider\" data-nav=\"bottom\" data-autoplay=\"\" data-centered=\"off\" data-mousewheel=\"on\" data-simulatetouch=\"on\" data-grabcursor=\"on\" data-effect=\"slide\" data-direction=\"horizontal\" data-loop=\"\" data-spv=\"1\" data-spv-t=\"1\" data-spv-m=\"1\" data-space=\"0\" data-space-t=\"0\" data-space-m=\"0\" data-speed=\"1000\">\r\n                <div class=\"swiper-wrapper\">\r\n                                                                    <div class=\"swiper-slide\">\r\n                                                    <div class=\"slide-inner\" data-swiper-parallax=\"64%\">\r\n                            \r\n                                                                    <div class=\"ms-slider--img\">\r\n                                        <img fetchpriority=\"high\" decoding=\"async\" width=\"1920\" height=\"1080\" src=\"https:\/\/canuma.com.br\/puea\/wp-content\/uploads\/2025\/06\/banner1.webp\" class=\"attachment-full size-full wp-image-3235\" alt=\"\" srcset=\"https:\/\/canuma.com.br\/puea\/wp-content\/uploads\/2025\/06\/banner1.webp 1920w, https:\/\/canuma.com.br\/puea\/wp-content\/uploads\/2025\/06\/banner1-300x169.webp 300w, https:\/\/canuma.com.br\/puea\/wp-content\/uploads\/2025\/06\/banner1-1024x576.webp 1024w, https:\/\/canuma.com.br\/puea\/wp-content\/uploads\/2025\/06\/banner1-768x432.webp 768w, https:\/\/canuma.com.br\/puea\/wp-content\/uploads\/2025\/06\/banner1-1536x864.webp 1536w, https:\/\/canuma.com.br\/puea\/wp-content\/uploads\/2025\/06\/banner1-400x225.webp 400w, https:\/\/canuma.com.br\/puea\/wp-content\/uploads\/2025\/06\/banner1-1120x630.webp 1120w\" sizes=\"(max-width: 1920px) 100vw, 1920px\" \/>                                    <\/div>\r\n                                                                \r\n                                \r\n                                                                                                                                            <div class=\"ms-slider--cont\" data-swiper-parallax=\"-69%\">\r\n                                            <div class=\"ms-cont__inner\">\r\n\r\n                                                                                                    <h3 class=\"ms-sc--st\">Programa de <\/h3>\r\n                                                \r\n                                                                                                    <h1 class=\"ms-sc--t\"> Uso Eficiente da \u00c1gua<\/h1>\r\n                                                                                                \r\n                                                                                                    <p class=\"ms-sc--desc\">O Programa de Uso Eficiente da \u00c1gua Canum\u00e3 \u00e9 a solu\u00e7\u00e3o para a economia sustent\u00e1vel e digital em que vivemos. Oferecendo monitoramento de consumo por internet, detec\u00e7\u00e3o, reparos de vazamentos e campanhas de conscientiza\u00e7\u00e3o para economizar \u00e1gua e dinheiro, transformando cada gota economizada em desenvolvimento humano e social.<\/p>\r\n                                                \r\n                                                                                                    <div class=\"btn-wrap\">\r\n                                                        <a class=\"btn btn-circle btn--md\" role=\"button\" href=\"https:\/\/canuma.com.br\/puea\/programa-de-uso-eficiente-da-agua\/\">\r\n                                                            <div class=\"ms-btn--circle\">\r\n                                                                <div class=\"circle\">\r\n                                                                    <div class=\"circle-fill\"><\/div>\r\n                                                                    <svg viewBox=\"0 0 50 50\" xmlns=\"http:\/\/www.w3.org\/2000\/svg\" class=\"circle-outline\"><circle cx=\"25\" cy=\"25\" r=\"23\"><\/circle><\/svg>\r\n                                                                        <div class=\"circle-icon\">\r\n                                                                            <svg viewBox=\"0 0 12 10\" fill=\"none\" xmlns=\"http:\/\/www.w3.org\/2000\/svg\" class=\"icon-arrow\">\r\n                                                                                <path d=\"M0 5.65612V4.30388L8.41874 4.31842L5.05997 0.95965L5.99054 0L10.9923 4.97273L6.00508 9.96L5.07451 9.00035L8.43328 5.64158L0 5.65612Z\"><\/path>\r\n                                                                            <\/svg>\r\n                                                                        <\/div>\t\t\t\t\t\r\n                                                                    <\/div>\r\n                                                            <\/div>\r\n\r\n                                                            <div class=\"ms-btn--label\">\r\n                                                                <div class=\"ms-btn__text\">Saiba mais<\/div>\r\n                                                                <div class=\"ms-btn__border\"><\/div>\r\n                                                            <\/div>\r\n                                                        <\/a>\r\n                                                    <\/div>\r\n                                                                                            <\/div>\r\n                                        <\/div>\r\n                                                                                                <\/div>\r\n                        <\/div>\r\n                                                                    <div class=\"swiper-slide\">\r\n                                                    <div class=\"slide-inner\" data-swiper-parallax=\"64%\">\r\n                            \r\n                                                                    <div class=\"ms-slider--img\">\r\n                                        <img decoding=\"async\" width=\"1920\" height=\"1080\" src=\"https:\/\/canuma.com.br\/puea\/wp-content\/uploads\/2025\/06\/banner-2.webp\" class=\"attachment-full size-full wp-image-3240\" alt=\"\" srcset=\"https:\/\/canuma.com.br\/puea\/wp-content\/uploads\/2025\/06\/banner-2.webp 1920w, https:\/\/canuma.com.br\/puea\/wp-content\/uploads\/2025\/06\/banner-2-300x169.webp 300w, https:\/\/canuma.com.br\/puea\/wp-content\/uploads\/2025\/06\/banner-2-1024x576.webp 1024w, https:\/\/canuma.com.br\/puea\/wp-content\/uploads\/2025\/06\/banner-2-768x432.webp 768w, https:\/\/canuma.com.br\/puea\/wp-content\/uploads\/2025\/06\/banner-2-1536x864.webp 1536w, https:\/\/canuma.com.br\/puea\/wp-content\/uploads\/2025\/06\/banner-2-400x225.webp 400w, https:\/\/canuma.com.br\/puea\/wp-content\/uploads\/2025\/06\/banner-2-1120x630.webp 1120w\" sizes=\"(max-width: 1920px) 100vw, 1920px\" \/>                                    <\/div>\r\n                                                                \r\n                                \r\n                                                                                                                                            <div class=\"ms-slider--cont\" data-swiper-parallax=\"-69%\">\r\n                                            <div class=\"ms-cont__inner\">\r\n\r\n                                                \r\n                                                                                                    <h1 class=\"ms-sc--t\">Inova\u00e7\u00e3o<\/h1>\r\n                                                                                                \r\n                                                                                                    <p class=\"ms-sc--desc\">A Canum\u00e3 utiliza sua expertise de 30 anos em <br>combina\u00e7\u00e3o com tecnologias avan\u00e7adas como <br>IoT, NBIOt e Intelig\u00eancia Artificial para oferecer <br>um sistema de monitoramento e gest\u00e3o h\u00eddrica <br>inovador e eficiente, proporcionando seguran\u00e7a, <br>efici\u00eancia e economia para os clientes sem <br>comprometer o conforto.<\/p>\r\n                                                \r\n                                                                                                    <div class=\"btn-wrap\">\r\n                                                        <a class=\"btn btn-circle btn--md\" role=\"button\" href=\"https:\/\/canuma.com.br\/puea\/inovacao\/\">\r\n                                                            <div class=\"ms-btn--circle\">\r\n                                                                <div class=\"circle\">\r\n                                                                    <div class=\"circle-fill\"><\/div>\r\n                                                                    <svg viewBox=\"0 0 50 50\" xmlns=\"http:\/\/www.w3.org\/2000\/svg\" class=\"circle-outline\"><circle cx=\"25\" cy=\"25\" r=\"23\"><\/circle><\/svg>\r\n                                                                        <div class=\"circle-icon\">\r\n                                                                            <svg viewBox=\"0 0 12 10\" fill=\"none\" xmlns=\"http:\/\/www.w3.org\/2000\/svg\" class=\"icon-arrow\">\r\n                                                                                <path d=\"M0 5.65612V4.30388L8.41874 4.31842L5.05997 0.95965L5.99054 0L10.9923 4.97273L6.00508 9.96L5.07451 9.00035L8.43328 5.64158L0 5.65612Z\"><\/path>\r\n                                                                            <\/svg>\r\n                                                                        <\/div>\t\t\t\t\t\r\n                                                                    <\/div>\r\n                                                            <\/div>\r\n\r\n                                                            <div class=\"ms-btn--label\">\r\n                                                                <div class=\"ms-btn__text\">Saiba Mais<\/div>\r\n                                                                <div class=\"ms-btn__border\"><\/div>\r\n                                                            <\/div>\r\n                                                        <\/a>\r\n                                                    <\/div>\r\n                                                                                            <\/div>\r\n                                        <\/div>\r\n                                                                                                <\/div>\r\n                        <\/div>\r\n                                                                    <div class=\"swiper-slide\">\r\n                                                    <div class=\"slide-inner\" data-swiper-parallax=\"64%\">\r\n                            \r\n                                                                    <div class=\"ms-slider--img\">\r\n                                        <img decoding=\"async\" src=\"https:\/\/canuma.com.br\/puea\/wp-content\/uploads\/2025\/06\/banner3.webp\" title=\"banner3\" alt=\"banner3\" loading=\"lazy\" \/>                                    <\/div>\r\n                                                                \r\n                                \r\n                                                                                                                                            <div class=\"ms-slider--cont\" data-swiper-parallax=\"-69%\">\r\n                                            <div class=\"ms-cont__inner\">\r\n\r\n                                                \r\n                                                                                                    <h1 class=\"ms-sc--t\">Sustentabilidade<\/h1>\r\n                                                                                                \r\n                                                                                                    <p class=\"ms-sc--desc\">Ao adotar o Programa de Uso Eficiente da \u00c1gua Canum\u00e3, os clientes contribuem para a preserva\u00e7\u00e3o da \u00e1gua, um recurso vital. Reduzindo o desperd\u00edcio, promovem:\n<br>\u2022 Melhor distribui\u00e7\u00e3o de \u00e1gua na comunidade\n<br>\u2022 Economia de energia\n<br>\u2022 Impacto positivo para os profissionais no ambiente\n<br>\u2022 Acesso mais justo \u00e0 \u00e1gua\n<br>\u2022 Redu\u00e7\u00e3o de custos com tratamento\n<br>\u2022 Alinhamento com pautas ESG e de sustentabilidade\n<br>Com essa iniciativa, a Canum\u00e3 refor\u00e7a seu compromisso com um futuro mais sustent\u00e1vel.<\/p>\r\n                                                \r\n                                                                                                    <div class=\"btn-wrap\">\r\n                                                        <a class=\"btn btn-circle btn--md\" role=\"button\" href=\"https:\/\/canuma.com.br\/puea\/sustentabilidade\/\">\r\n                                                            <div class=\"ms-btn--circle\">\r\n                                                                <div class=\"circle\">\r\n                                                                    <div class=\"circle-fill\"><\/div>\r\n                                                                    <svg viewBox=\"0 0 50 50\" xmlns=\"http:\/\/www.w3.org\/2000\/svg\" class=\"circle-outline\"><circle cx=\"25\" cy=\"25\" r=\"23\"><\/circle><\/svg>\r\n                                                                        <div class=\"circle-icon\">\r\n                                                                            <svg viewBox=\"0 0 12 10\" fill=\"none\" xmlns=\"http:\/\/www.w3.org\/2000\/svg\" class=\"icon-arrow\">\r\n                                                                                <path d=\"M0 5.65612V4.30388L8.41874 4.31842L5.05997 0.95965L5.99054 0L10.9923 4.97273L6.00508 9.96L5.07451 9.00035L8.43328 5.64158L0 5.65612Z\"><\/path>\r\n                                                                            <\/svg>\r\n                                                                        <\/div>\t\t\t\t\t\r\n                                                                    <\/div>\r\n                                                            <\/div>\r\n\r\n                                                            <div class=\"ms-btn--label\">\r\n                                                                <div class=\"ms-btn__text\">Saiba Mais<\/div>\r\n                                                                <div class=\"ms-btn__border\"><\/div>\r\n                                                            <\/div>\r\n                                                        <\/a>\r\n                                                    <\/div>\r\n                                                                                            <\/div>\r\n                                        <\/div>\r\n                                                                                                <\/div>\r\n                        <\/div>\r\n                                                                    <div class=\"swiper-slide\">\r\n                                                    <div class=\"slide-inner\" data-swiper-parallax=\"64%\">\r\n                            \r\n                                                                    <div class=\"ms-slider--img\">\r\n                                        <img decoding=\"async\" src=\"https:\/\/canuma.com.br\/puea\/wp-content\/uploads\/2025\/06\/banner4.webp\" title=\"banner4\" alt=\"banner4\" loading=\"lazy\" \/>                                    <\/div>\r\n                                                                \r\n                                \r\n                                                                                                                                            <div class=\"ms-slider--cont\" data-swiper-parallax=\"-69%\">\r\n                                            <div class=\"ms-cont__inner\">\r\n\r\n                                                \r\n                                                                                                    <h1 class=\"ms-sc--t\">Economia<\/h1>\r\n                                                                                                \r\n                                                                                                    <p class=\"ms-sc--desc\">O desperd\u00edcio de \u00e1gua no Brasil gira em torno de 40%. J\u00e1 parou para fazer a conta de quanto isso pode impactar em seu fluxo financeiro? Voc\u00ea pode continuar usando planilhas nem sempre preenchidas ou entrar em uma nova fase em que a \u00e1gua \u00e9 realmente valorizada e gera economia financeira.<\/p>\r\n                                                \r\n                                                                                                    <div class=\"btn-wrap\">\r\n                                                        <a class=\"btn btn-circle btn--md\" role=\"button\" href=\"https:\/\/canuma.com.br\/puea\/economia\/\">\r\n                                                            <div class=\"ms-btn--circle\">\r\n                                                                <div class=\"circle\">\r\n                                                                    <div class=\"circle-fill\"><\/div>\r\n                                                                    <svg viewBox=\"0 0 50 50\" xmlns=\"http:\/\/www.w3.org\/2000\/svg\" class=\"circle-outline\"><circle cx=\"25\" cy=\"25\" r=\"23\"><\/circle><\/svg>\r\n                                                                        <div class=\"circle-icon\">\r\n                                                                            <svg viewBox=\"0 0 12 10\" fill=\"none\" xmlns=\"http:\/\/www.w3.org\/2000\/svg\" class=\"icon-arrow\">\r\n                                                                                <path d=\"M0 5.65612V4.30388L8.41874 4.31842L5.05997 0.95965L5.99054 0L10.9923 4.97273L6.00508 9.96L5.07451 9.00035L8.43328 5.64158L0 5.65612Z\"><\/path>\r\n                                                                            <\/svg>\r\n                                                                        <\/div>\t\t\t\t\t\r\n                                                                    <\/div>\r\n                                                            <\/div>\r\n\r\n                                                            <div class=\"ms-btn--label\">\r\n                                                                <div class=\"ms-btn__text\">Saiba Mais<\/div>\r\n                                                                <div class=\"ms-btn__border\"><\/div>\r\n                                                            <\/div>\r\n                                                        <\/a>\r\n                                                    <\/div>\r\n                                                                                            <\/div>\r\n                                        <\/div>\r\n                                                                                                <\/div>\r\n                        <\/div>\r\n                                    <\/div>\r\n                                    <div class=\"ms-slider--nav nav-size--lg\">\r\n                        <div class=\"ms-nav--next\">\r\n                            <svg class=\"i-arrow\" viewBox=\"0 0 17 12\">\r\n                                <path d=\"M1,6h14\"><\/path>\r\n                                <path d=\"M12,1l4,5\"><\/path>\r\n                                <path d=\"M12,11l4-5\"><\/path>\r\n                            <\/svg>\r\n                        <\/div>\r\n                        <div class=\"ms-nav--prev\">\r\n                            <svg class=\"i-arrow\" viewBox=\"0 0 17 12\">\r\n                                <path d=\"M1,6h14\"><\/path>\r\n                                <path d=\"M12,1l4,5\"><\/path>\r\n                                <path d=\"M12,11l4-5\"><\/path>\r\n                            <\/svg>\r\n                        <\/div>\r\n                    <\/div>\r\n                                                    <div class=\"ms-slider--progress center\">\r\n                        <div class=\"ms-slider--count\"><\/div>\r\n                        <div class=\"ms-slider--pagination swiper-pagination\"><\/div>\r\n                        <div class=\"ms-slider--count__total\"><\/div>\r\n                    <\/div>\r\n                            <\/div>\r\n        <\/div>\r\n\t\t\t\t\t\t<\/div>\n\t\t\t\t<\/div>\n\t\t\t\t\t<\/div>\n\t\t<\/div>\n\t\t\t\t\t<\/div>\n\t\t<\/section>\n\t\t\t\t<\/div>\n\t\t","protected":false},"excerpt":{"rendered":"<p>Programa de Uso Eficiente da \u00c1gua O Programa de Uso Eficiente da \u00c1gua Canum\u00e3 \u00e9 a solu\u00e7\u00e3o para a economia sustent\u00e1vel e digital em [&hellip;]<\/p>\n","protected":false},"author":1,"featured_media":0,"parent":0,"menu_order":0,"comment_status":"closed","ping_status":"closed","template":"page-no-footer.php","meta":{"_acf_changed":false,"footnotes":""},"class_list":["post-782","page","type-page","status-publish","hentry"],"acf":{"full_width":true,"header_transparent":true,"header_white":true},"_links":{"self":[{"href":"https:\/\/canuma.com.br\/puea\/wp-json\/wp\/v2\/pages\/782","targetHints":{"allow":["GET"]}}],"collection":[{"href":"https:\/\/canuma.com.br\/puea\/wp-json\/wp\/v2\/pages"}],"about":[{"href":"https:\/\/canuma.com.br\/puea\/wp-json\/wp\/v2\/types\/page"}],"author":[{"embeddable":true,"href":"https:\/\/canuma.com.br\/puea\/wp-json\/wp\/v2\/users\/1"}],"replies":[{"embeddable":true,"href":"https:\/\/canuma.com.br\/puea\/wp-json\/wp\/v2\/comments?post=782"}],"version-history":[{"count":25,"href":"https:\/\/canuma.com.br\/puea\/wp-json\/wp\/v2\/pages\/782\/revisions"}],"predecessor-version":[{"id":3414,"href":"https:\/\/canuma.com.br\/puea\/wp-json\/wp\/v2\/pages\/782\/revisions\/3414"}],"wp:attachment":[{"href":"https:\/\/canuma.com.br\/puea\/wp-json\/wp\/v2\/media?parent=782"}],"curies":[{"name":"wp","href":"https:\/\/api.w.org\/{rel}","templated":true}]}}